{"id":24647,"date":"2025-02-04T10:19:20","date_gmt":"2025-02-04T10:19:20","guid":{"rendered":"https:\/\/apinox.it\/?page_id=24647"},"modified":"2025-02-05T13:54:15","modified_gmt":"2025-02-05T13:54:15","slug":"areas-de-aplicacion","status":"publish","type":"page","link":"https:\/\/apinox.it\/es\/areas-de-aplicacion\/","title":{"rendered":"\u00c1reas de aplicaci\u00f3n"},"content":{"rendered":"\t\t<div data-elementor-type=\"wp-page\" data-elementor-id=\"24647\" class=\"elementor elementor-24647\">\n\t\t\t\t\t\t<section class=\"elementor-section elementor-top-section elementor-element elementor-element-74deef3 elementor-section-stretched elementor-section-height-min-height elementor-section-boxed elementor-section-height-default elementor-section-items-middle\" data-id=\"74deef3\" data-element_type=\"section\" data-settings=\"{&quot;stretch_section&quot;:&quot;section-stretched&quot;,&quot;background_background&quot;:&quot;classic&quot;}\">\n\t\t\t\t\t\t\t<div class=\"elementor-background-overlay\"><\/div>\n\t\t\t\t\t\t\t<div class=\"elementor-container elementor-column-gap-no\">\n\t\t\t\t\t<div class=\"elementor-column elementor-col-100 elementor-top-column elementor-element elementor-element-6e71c3f\" data-id=\"6e71c3f\" data-element_type=\"column\">\n\t\t\t<div class=\"elementor-widget-wrap elementor-element-populated\">\n\t\t\t\t\t\t<div class=\"elementor-element elementor-element-5abd3a8 elementor-widget elementor-widget-industrium_heading\" data-id=\"5abd3a8\" data-element_type=\"widget\" data-widget_type=\"industrium_heading.default\">\n\t\t\t\t<div class=\"elementor-widget-container\">\n\t\t\t\t\t<div class=\"industrium-heading-widget\"><h1 class=\"industrium-heading\"><span class=\"industrium-heading-content\">\u00c1reas de aplicaci\u00f3n<\/span><\/h1><\/div>\t\t\t\t<\/div>\n\t\t\t\t<\/div>\n\t\t\t\t\t<\/div>\n\t\t<\/div>\n\t\t\t\t\t<\/div>\n\t\t<\/section>\n\t\t\t\t<section class=\"elementor-section elementor-top-section elementor-element elementor-element-b6a8df0 elementor-section-full_width elementor-section-stretched elementor-section-height-default elementor-section-height-default\" data-id=\"b6a8df0\" data-element_type=\"section\" data-settings=\"{&quot;stretch_section&quot;:&quot;section-stretched&quot;}\">\n\t\t\t\t\t\t<div class=\"elementor-container elementor-column-gap-no\">\n\t\t\t\t\t<div class=\"elementor-column elementor-col-100 elementor-top-column elementor-element elementor-element-8b9bf4d\" data-id=\"8b9bf4d\" data-element_type=\"column\">\n\t\t\t<div class=\"elementor-widget-wrap elementor-element-populated\">\n\t\t\t\t\t\t<section class=\"elementor-section elementor-inner-section elementor-element elementor-element-b2b5551 elementor-section-boxed elementor-section-height-default elementor-section-height-default\" data-id=\"b2b5551\" data-element_type=\"section\">\n\t\t\t\t\t\t<div class=\"elementor-container elementor-column-gap-wide\">\n\t\t\t\t\t<div class=\"elementor-column elementor-col-50 elementor-inner-column elementor-element elementor-element-5b43bac\" data-id=\"5b43bac\" data-element_type=\"column\">\n\t\t\t<div class=\"elementor-widget-wrap elementor-element-populated\">\n\t\t\t\t\t\t<div class=\"elementor-element elementor-element-21e6d08 elementor-widget elementor-widget-heading\" data-id=\"21e6d08\" data-element_type=\"widget\" data-widget_type=\"heading.default\">\n\t\t\t\t<div class=\"elementor-widget-container\">\n\t\t\t\t\t<p class=\"elementor-heading-title elementor-size-default\">Donde empieza el sabor<\/p>\t\t\t\t<\/div>\n\t\t\t\t<\/div>\n\t\t\t\t<div class=\"elementor-element elementor-element-bf18714 elementor-widget elementor-widget-heading\" data-id=\"bf18714\" data-element_type=\"widget\" data-widget_type=\"heading.default\">\n\t\t\t\t<div class=\"elementor-widget-container\">\n\t\t\t\t\t<h2 class=\"elementor-heading-title elementor-size-default\">APINOX, m\u00e1s de 40 a\u00f1os al servicio de sus clientes <\/h2>\t\t\t\t<\/div>\n\t\t\t\t<\/div>\n\t\t\t\t\t<\/div>\n\t\t<\/div>\n\t\t\t\t<div class=\"elementor-column elementor-col-50 elementor-inner-column elementor-element elementor-element-1d74565\" data-id=\"1d74565\" data-element_type=\"column\">\n\t\t\t<div class=\"elementor-widget-wrap elementor-element-populated\">\n\t\t\t\t\t\t<div class=\"elementor-element elementor-element-c78dea3 elementor-widget elementor-widget-text-editor\" data-id=\"c78dea3\" data-element_type=\"widget\" data-widget_type=\"text-editor.default\">\n\t\t\t\t<div class=\"elementor-widget-container\">\n\t\t\t\t\t\t\t\t\t<p class=\"p1\">Identificamos, dise\u00f1amos y fabricamos la <strong>m\u00e1quina amasadora<\/strong> que mejor se adapta a tu sector para cumplir tus necesidades. Descubre nuestra gama de productos visitando el \u00e1rea de aplicaci\u00f3n que m\u00e1s te interese.<\/p>\t\t\t\t\t\t\t\t<\/div>\n\t\t\t\t<\/div>\n\t\t\t\t\t<\/div>\n\t\t<\/div>\n\t\t\t\t\t<\/div>\n\t\t<\/section>\n\t\t\t\t<section class=\"elementor-section elementor-inner-section elementor-element elementor-element-57112a1 elementor-section-boxed elementor-section-height-default elementor-section-height-default\" data-id=\"57112a1\" data-element_type=\"section\">\n\t\t\t\t\t\t<div class=\"elementor-container elementor-column-gap-default\">\n\t\t\t\t\t<div class=\"elementor-column elementor-col-33 elementor-inner-column elementor-element elementor-element-4827a5b\" data-id=\"4827a5b\" data-element_type=\"column\">\n\t\t\t<div class=\"elementor-widget-wrap elementor-element-populated\">\n\t\t\t\t\t\t<div class=\"elementor-element elementor-element-51f7bc9 elementor-widget elementor-widget-image\" data-id=\"51f7bc9\" data-element_type=\"widget\" data-widget_type=\"image.default\">\n\t\t\t\t<div class=\"elementor-widget-container\">\n\t\t\t\t\t\t\t\t\t\t\t\t\t\t\t\t<a href=\"https:\/\/apinox.it\/es\/galletas-y-cookies\">\n\t\t\t\t\t\t\t<img fetchpriority=\"high\" decoding=\"async\" width=\"766\" height=\"964\" src=\"https:\/\/apinox.it\/wp-content\/uploads\/2024\/07\/biscotti-e-cookies.jpg\" class=\"attachment-large size-large wp-image-19041\" alt=\"\" srcset=\"https:\/\/apinox.it\/wp-content\/uploads\/2024\/07\/biscotti-e-cookies.jpg 766w, https:\/\/apinox.it\/wp-content\/uploads\/2024\/07\/biscotti-e-cookies-238x300.jpg 238w, https:\/\/apinox.it\/wp-content\/uploads\/2024\/07\/biscotti-e-cookies-600x755.jpg 600w\" sizes=\"(max-width: 766px) 100vw, 766px\" \/>\t\t\t\t\t\t\t\t<\/a>\n\t\t\t\t\t\t\t\t\t\t\t\t\t\t\t<\/div>\n\t\t\t\t<\/div>\n\t\t\t\t<div class=\"elementor-element elementor-element-f55311d decoration-type-1 elementor-widget elementor-widget-industrium_decoration\" data-id=\"f55311d\" data-element_type=\"widget\" data-widget_type=\"industrium_decoration.default\">\n\t\t\t\t<div class=\"elementor-widget-container\">\n\t\t\t\t\t        <div class=\"decoration-widget\">\n            <div class=\"decoration-container\">\n                <div class=\"industrium-decoration\">\n                    <div><\/div><div><\/div><div><\/div>\n                <\/div>\n            <\/div>\n        <\/div>\n        \t\t\t\t<\/div>\n\t\t\t\t<\/div>\n\t\t\t\t<div class=\"elementor-element elementor-element-077cef4 elementor-widget elementor-widget-industrium_heading\" data-id=\"077cef4\" data-element_type=\"widget\" data-widget_type=\"industrium_heading.default\">\n\t\t\t\t<div class=\"elementor-widget-container\">\n\t\t\t\t\t<div class=\"industrium-heading-widget\"><h3 class=\"industrium-heading\"><span class=\"industrium-heading-content\"><a href=\"https:\/\/apinox.it\/es\/galletas-y-cookies\">Galletas y cookies<\/a><\/span><\/h3><\/div>\t\t\t\t<\/div>\n\t\t\t\t<\/div>\n\t\t\t\t\t<\/div>\n\t\t<\/div>\n\t\t\t\t<div class=\"elementor-column elementor-col-33 elementor-inner-column elementor-element elementor-element-e7b7ec2\" data-id=\"e7b7ec2\" data-element_type=\"column\">\n\t\t\t<div class=\"elementor-widget-wrap elementor-element-populated\">\n\t\t\t\t\t\t<div class=\"elementor-element elementor-element-4742394 elementor-widget elementor-widget-image\" data-id=\"4742394\" data-element_type=\"widget\" data-widget_type=\"image.default\">\n\t\t\t\t<div class=\"elementor-widget-container\">\n\t\t\t\t\t\t\t\t\t\t\t\t\t\t\t\t<a href=\"https:\/\/apinox.it\/es\/galletas-saladas\">\n\t\t\t\t\t\t\t<img decoding=\"async\" width=\"766\" height=\"964\" src=\"https:\/\/apinox.it\/wp-content\/uploads\/2024\/07\/cracker.jpg\" class=\"attachment-large size-large wp-image-19042\" alt=\"\" srcset=\"https:\/\/apinox.it\/wp-content\/uploads\/2024\/07\/cracker.jpg 766w, https:\/\/apinox.it\/wp-content\/uploads\/2024\/07\/cracker-238x300.jpg 238w, https:\/\/apinox.it\/wp-content\/uploads\/2024\/07\/cracker-600x755.jpg 600w\" sizes=\"(max-width: 766px) 100vw, 766px\" \/>\t\t\t\t\t\t\t\t<\/a>\n\t\t\t\t\t\t\t\t\t\t\t\t\t\t\t<\/div>\n\t\t\t\t<\/div>\n\t\t\t\t<div class=\"elementor-element elementor-element-bbbbe03 decoration-type-1 elementor-widget elementor-widget-industrium_decoration\" data-id=\"bbbbe03\" data-element_type=\"widget\" data-widget_type=\"industrium_decoration.default\">\n\t\t\t\t<div class=\"elementor-widget-container\">\n\t\t\t\t\t        <div class=\"decoration-widget\">\n            <div class=\"decoration-container\">\n                <div class=\"industrium-decoration\">\n                    <div><\/div><div><\/div><div><\/div>\n                <\/div>\n            <\/div>\n        <\/div>\n        \t\t\t\t<\/div>\n\t\t\t\t<\/div>\n\t\t\t\t<div class=\"elementor-element elementor-element-bf1afe8 elementor-widget elementor-widget-industrium_heading\" data-id=\"bf1afe8\" data-element_type=\"widget\" data-widget_type=\"industrium_heading.default\">\n\t\t\t\t<div class=\"elementor-widget-container\">\n\t\t\t\t\t<div class=\"industrium-heading-widget\"><h3 class=\"industrium-heading\"><span class=\"industrium-heading-content\"><a href=\"https:\/\/apinox.it\/es\/galletas-saladas\">Galletas saladas<\/a><\/span><\/h3><\/div>\t\t\t\t<\/div>\n\t\t\t\t<\/div>\n\t\t\t\t\t<\/div>\n\t\t<\/div>\n\t\t\t\t<div class=\"elementor-column elementor-col-33 elementor-inner-column elementor-element elementor-element-036c8c0\" data-id=\"036c8c0\" data-element_type=\"column\">\n\t\t\t<div class=\"elementor-widget-wrap elementor-element-populated\">\n\t\t\t\t\t\t<div class=\"elementor-element elementor-element-e1a4d8b elementor-widget elementor-widget-image\" data-id=\"e1a4d8b\" data-element_type=\"widget\" data-widget_type=\"image.default\">\n\t\t\t\t<div class=\"elementor-widget-container\">\n\t\t\t\t\t\t\t\t\t\t\t\t\t\t\t\t<a href=\"https:\/\/apinox.it\/es\/confiteria\">\n\t\t\t\t\t\t\t<img decoding=\"async\" width=\"766\" height=\"964\" src=\"https:\/\/apinox.it\/wp-content\/uploads\/2024\/07\/confectionary.jpg\" class=\"attachment-large size-large wp-image-19043\" alt=\"\" srcset=\"https:\/\/apinox.it\/wp-content\/uploads\/2024\/07\/confectionary.jpg 766w, https:\/\/apinox.it\/wp-content\/uploads\/2024\/07\/confectionary-238x300.jpg 238w, https:\/\/apinox.it\/wp-content\/uploads\/2024\/07\/confectionary-600x755.jpg 600w\" sizes=\"(max-width: 766px) 100vw, 766px\" \/>\t\t\t\t\t\t\t\t<\/a>\n\t\t\t\t\t\t\t\t\t\t\t\t\t\t\t<\/div>\n\t\t\t\t<\/div>\n\t\t\t\t<div class=\"elementor-element elementor-element-f12fe02 decoration-type-1 elementor-widget elementor-widget-industrium_decoration\" data-id=\"f12fe02\" data-element_type=\"widget\" data-widget_type=\"industrium_decoration.default\">\n\t\t\t\t<div class=\"elementor-widget-container\">\n\t\t\t\t\t        <div class=\"decoration-widget\">\n            <div class=\"decoration-container\">\n                <div class=\"industrium-decoration\">\n                    <div><\/div><div><\/div><div><\/div>\n                <\/div>\n            <\/div>\n        <\/div>\n        \t\t\t\t<\/div>\n\t\t\t\t<\/div>\n\t\t\t\t<div class=\"elementor-element elementor-element-34c9c44 elementor-widget elementor-widget-industrium_heading\" data-id=\"34c9c44\" data-element_type=\"widget\" data-widget_type=\"industrium_heading.default\">\n\t\t\t\t<div class=\"elementor-widget-container\">\n\t\t\t\t\t<div class=\"industrium-heading-widget\"><h3 class=\"industrium-heading\"><span class=\"industrium-heading-content\"><a href=\"https:\/\/apinox.it\/es\/confiteria\">Confiter\u00eda<\/a><\/span><\/h3><\/div>\t\t\t\t<\/div>\n\t\t\t\t<\/div>\n\t\t\t\t\t<\/div>\n\t\t<\/div>\n\t\t\t\t\t<\/div>\n\t\t<\/section>\n\t\t\t\t<section class=\"elementor-section elementor-inner-section elementor-element elementor-element-8684869 elementor-section-boxed elementor-section-height-default elementor-section-height-default\" data-id=\"8684869\" data-element_type=\"section\">\n\t\t\t\t\t\t<div class=\"elementor-container elementor-column-gap-default\">\n\t\t\t\t\t<div class=\"elementor-column elementor-col-33 elementor-inner-column elementor-element elementor-element-761d80c\" data-id=\"761d80c\" data-element_type=\"column\">\n\t\t\t<div class=\"elementor-widget-wrap elementor-element-populated\">\n\t\t\t\t\t\t<div class=\"elementor-element elementor-element-3d22239 elementor-widget elementor-widget-image\" data-id=\"3d22239\" data-element_type=\"widget\" data-widget_type=\"image.default\">\n\t\t\t\t<div class=\"elementor-widget-container\">\n\t\t\t\t\t\t\t\t\t\t\t\t\t\t\t\t<a href=\"\/es\/usos-especiales-quimico\">\n\t\t\t\t\t\t\t<img loading=\"lazy\" decoding=\"async\" width=\"762\" height=\"960\" src=\"https:\/\/apinox.it\/wp-content\/uploads\/2024\/08\/applicazioni-speciali-chimico.jpg\" class=\"attachment-large size-large wp-image-19411\" alt=\"\" srcset=\"https:\/\/apinox.it\/wp-content\/uploads\/2024\/08\/applicazioni-speciali-chimico.jpg 762w, https:\/\/apinox.it\/wp-content\/uploads\/2024\/08\/applicazioni-speciali-chimico-238x300.jpg 238w, https:\/\/apinox.it\/wp-content\/uploads\/2024\/08\/applicazioni-speciali-chimico-600x756.jpg 600w\" sizes=\"(max-width: 762px) 100vw, 762px\" \/>\t\t\t\t\t\t\t\t<\/a>\n\t\t\t\t\t\t\t\t\t\t\t\t\t\t\t<\/div>\n\t\t\t\t<\/div>\n\t\t\t\t<div class=\"elementor-element elementor-element-0a28368 decoration-type-1 elementor-widget elementor-widget-industrium_decoration\" data-id=\"0a28368\" data-element_type=\"widget\" data-widget_type=\"industrium_decoration.default\">\n\t\t\t\t<div class=\"elementor-widget-container\">\n\t\t\t\t\t        <div class=\"decoration-widget\">\n            <div class=\"decoration-container\">\n                <div class=\"industrium-decoration\">\n                    <div><\/div><div><\/div><div><\/div>\n                <\/div>\n            <\/div>\n        <\/div>\n        \t\t\t\t<\/div>\n\t\t\t\t<\/div>\n\t\t\t\t<div class=\"elementor-element elementor-element-2345c22 elementor-widget elementor-widget-industrium_heading\" data-id=\"2345c22\" data-element_type=\"widget\" data-widget_type=\"industrium_heading.default\">\n\t\t\t\t<div class=\"elementor-widget-container\">\n\t\t\t\t\t<div class=\"industrium-heading-widget\"><h3 class=\"industrium-heading\"><span class=\"industrium-heading-content\"><a href=\"\/es\/usos-especiales-quimico\">Usos especiales - qu\u00edmico<\/a><\/span><\/h3><\/div>\t\t\t\t<\/div>\n\t\t\t\t<\/div>\n\t\t\t\t\t<\/div>\n\t\t<\/div>\n\t\t\t\t<div class=\"elementor-column elementor-col-33 elementor-inner-column elementor-element elementor-element-ea4be18\" data-id=\"ea4be18\" data-element_type=\"column\">\n\t\t\t<div class=\"elementor-widget-wrap elementor-element-populated\">\n\t\t\t\t\t\t<div class=\"elementor-element elementor-element-a6cdf2d elementor-widget elementor-widget-image\" data-id=\"a6cdf2d\" data-element_type=\"widget\" data-widget_type=\"image.default\">\n\t\t\t\t<div class=\"elementor-widget-container\">\n\t\t\t\t\t\t\t\t\t\t\t\t\t\t\t\t<a href=\"\/es\/usos-especiales-alimentario\">\n\t\t\t\t\t\t\t<img loading=\"lazy\" decoding=\"async\" width=\"762\" height=\"960\" src=\"https:\/\/apinox.it\/wp-content\/uploads\/2024\/08\/applicazioni-speciali-food.jpg\" class=\"attachment-large size-large wp-image-19412\" alt=\"\" srcset=\"https:\/\/apinox.it\/wp-content\/uploads\/2024\/08\/applicazioni-speciali-food.jpg 762w, https:\/\/apinox.it\/wp-content\/uploads\/2024\/08\/applicazioni-speciali-food-238x300.jpg 238w, https:\/\/apinox.it\/wp-content\/uploads\/2024\/08\/applicazioni-speciali-food-600x756.jpg 600w\" sizes=\"(max-width: 762px) 100vw, 762px\" \/>\t\t\t\t\t\t\t\t<\/a>\n\t\t\t\t\t\t\t\t\t\t\t\t\t\t\t<\/div>\n\t\t\t\t<\/div>\n\t\t\t\t<div class=\"elementor-element elementor-element-bb82b3e decoration-type-1 elementor-widget elementor-widget-industrium_decoration\" data-id=\"bb82b3e\" data-element_type=\"widget\" data-widget_type=\"industrium_decoration.default\">\n\t\t\t\t<div class=\"elementor-widget-container\">\n\t\t\t\t\t        <div class=\"decoration-widget\">\n            <div class=\"decoration-container\">\n                <div class=\"industrium-decoration\">\n                    <div><\/div><div><\/div><div><\/div>\n                <\/div>\n            <\/div>\n        <\/div>\n        \t\t\t\t<\/div>\n\t\t\t\t<\/div>\n\t\t\t\t<div class=\"elementor-element elementor-element-6e2e84e elementor-widget elementor-widget-industrium_heading\" data-id=\"6e2e84e\" data-element_type=\"widget\" data-widget_type=\"industrium_heading.default\">\n\t\t\t\t<div class=\"elementor-widget-container\">\n\t\t\t\t\t<div class=\"industrium-heading-widget\"><h3 class=\"industrium-heading\"><span class=\"industrium-heading-content\"><a href=\"\/es\/usos-especiales-alimentario\">Usos especiales - alimentario<\/a><\/span><\/h3><\/div>\t\t\t\t<\/div>\n\t\t\t\t<\/div>\n\t\t\t\t\t<\/div>\n\t\t<\/div>\n\t\t\t\t<div class=\"elementor-column elementor-col-33 elementor-inner-column elementor-element elementor-element-153c318\" data-id=\"153c318\" data-element_type=\"column\">\n\t\t\t<div class=\"elementor-widget-wrap elementor-element-populated\">\n\t\t\t\t\t\t<div class=\"elementor-element elementor-element-e6d0933 elementor-widget elementor-widget-image\" data-id=\"e6d0933\" data-element_type=\"widget\" data-widget_type=\"image.default\">\n\t\t\t\t<div class=\"elementor-widget-container\">\n\t\t\t\t\t\t\t\t\t\t\t\t\t\t\t\t<a href=\"\/es\/alimentos-para-mascotas\">\n\t\t\t\t\t\t\t<img loading=\"lazy\" decoding=\"async\" width=\"762\" height=\"960\" src=\"https:\/\/apinox.it\/wp-content\/uploads\/2024\/07\/pet-food-home.jpg\" class=\"attachment-large size-large wp-image-19378\" alt=\"\" srcset=\"https:\/\/apinox.it\/wp-content\/uploads\/2024\/07\/pet-food-home.jpg 762w, https:\/\/apinox.it\/wp-content\/uploads\/2024\/07\/pet-food-home-238x300.jpg 238w, https:\/\/apinox.it\/wp-content\/uploads\/2024\/07\/pet-food-home-600x756.jpg 600w\" sizes=\"(max-width: 762px) 100vw, 762px\" \/>\t\t\t\t\t\t\t\t<\/a>\n\t\t\t\t\t\t\t\t\t\t\t\t\t\t\t<\/div>\n\t\t\t\t<\/div>\n\t\t\t\t<div class=\"elementor-element elementor-element-1f55a3d decoration-type-1 elementor-widget elementor-widget-industrium_decoration\" data-id=\"1f55a3d\" data-element_type=\"widget\" data-widget_type=\"industrium_decoration.default\">\n\t\t\t\t<div class=\"elementor-widget-container\">\n\t\t\t\t\t        <div class=\"decoration-widget\">\n            <div class=\"decoration-container\">\n                <div class=\"industrium-decoration\">\n                    <div><\/div><div><\/div><div><\/div>\n                <\/div>\n            <\/div>\n        <\/div>\n        \t\t\t\t<\/div>\n\t\t\t\t<\/div>\n\t\t\t\t<div class=\"elementor-element elementor-element-9956d2c elementor-widget elementor-widget-industrium_heading\" data-id=\"9956d2c\" data-element_type=\"widget\" data-widget_type=\"industrium_heading.default\">\n\t\t\t\t<div class=\"elementor-widget-container\">\n\t\t\t\t\t<div class=\"industrium-heading-widget\"><h3 class=\"industrium-heading\"><span class=\"industrium-heading-content\"><a href=\"\/es\/alimentos-para-mascotas\">Alimentos para mascotas<\/a><\/span><\/h3><\/div>\t\t\t\t<\/div>\n\t\t\t\t<\/div>\n\t\t\t\t\t<\/div>\n\t\t<\/div>\n\t\t\t\t\t<\/div>\n\t\t<\/section>\n\t\t\t\t\t<\/div>\n\t\t<\/div>\n\t\t\t\t\t<\/div>\n\t\t<\/section>\n\t\t\t\t<\/div>\n\t\t","protected":false},"excerpt":{"rendered":"<p>Donde empieza el sabor APINOX, m\u00e1s de 40 a\u00f1os al servicio de sus clientes Identificamos, dise\u00f1amos y fabricamos la m\u00e1quina amasadora que mejor se adapta a tu sector para cumplir tus necesidades. Descubre nuestra gama de productos visitando el \u00e1rea de&#8230;<\/p>\n","protected":false},"author":1,"featured_media":0,"parent":0,"menu_order":0,"comment_status":"closed","ping_status":"closed","template":"","meta":{"footnotes":""},"class_list":["post-24647","page","type-page","status-publish","hentry"],"aioseo_notices":[],"_links":{"self":[{"href":"https:\/\/apinox.it\/es\/wp-json\/wp\/v2\/pages\/24647","targetHints":{"allow":["GET"]}}],"collection":[{"href":"https:\/\/apinox.it\/es\/wp-json\/wp\/v2\/pages"}],"about":[{"href":"https:\/\/apinox.it\/es\/wp-json\/wp\/v2\/types\/page"}],"author":[{"embeddable":true,"href":"https:\/\/apinox.it\/es\/wp-json\/wp\/v2\/users\/1"}],"replies":[{"embeddable":true,"href":"https:\/\/apinox.it\/es\/wp-json\/wp\/v2\/comments?post=24647"}],"version-history":[{"count":0,"href":"https:\/\/apinox.it\/es\/wp-json\/wp\/v2\/pages\/24647\/revisions"}],"wp:attachment":[{"href":"https:\/\/apinox.it\/es\/wp-json\/wp\/v2\/media?parent=24647"}],"curies":[{"name":"wp","href":"https:\/\/api.w.org\/{rel}","templated":true}]}}