{"id":24857,"date":"2025-02-05T11:49:30","date_gmt":"2025-02-05T11:49:30","guid":{"rendered":"https:\/\/apinox.it\/?page_id=24857"},"modified":"2025-02-05T12:07:24","modified_gmt":"2025-02-05T12:07:24","slug":"ms","status":"publish","type":"page","link":"https:\/\/apinox.it\/es\/ms\/","title":{"rendered":"MS"},"content":{"rendered":"\t\t<div data-elementor-type=\"wp-page\" data-elementor-id=\"24857\" class=\"elementor elementor-24857\">\n\t\t\t\t\t\t<section class=\"elementor-section elementor-top-section elementor-element elementor-element-4f01954 elementor-section-stretched elementor-section-height-min-height elementor-section-boxed elementor-section-height-default elementor-section-items-middle\" data-id=\"4f01954\" data-element_type=\"section\" data-settings=\"{&quot;stretch_section&quot;:&quot;section-stretched&quot;,&quot;background_background&quot;:&quot;classic&quot;}\">\n\t\t\t\t\t\t\t<div class=\"elementor-background-overlay\"><\/div>\n\t\t\t\t\t\t\t<div class=\"elementor-container elementor-column-gap-no\">\n\t\t\t\t\t<div class=\"elementor-column elementor-col-100 elementor-top-column elementor-element elementor-element-eea0e3c\" data-id=\"eea0e3c\" data-element_type=\"column\">\n\t\t\t<div class=\"elementor-widget-wrap elementor-element-populated\">\n\t\t\t\t\t\t<div class=\"elementor-element elementor-element-15933d6 elementor-widget elementor-widget-industrium_heading\" data-id=\"15933d6\" data-element_type=\"widget\" data-widget_type=\"industrium_heading.default\">\n\t\t\t\t<div class=\"elementor-widget-container\">\n\t\t\t\t\t<div class=\"industrium-heading-widget\"><h1 class=\"industrium-heading\"><span class=\"industrium-heading-content\">MS \u2013 Amasadora horizontal con doble brazo mezclador en forma de Sigma<\/span><\/h1><\/div>\t\t\t\t<\/div>\n\t\t\t\t<\/div>\n\t\t\t\t\t<\/div>\n\t\t<\/div>\n\t\t\t\t\t<\/div>\n\t\t<\/section>\n\t\t\t\t<section class=\"elementor-section elementor-top-section elementor-element elementor-element-eb44c6d elementor-section-full_width elementor-section-stretched elementor-section-height-default elementor-section-height-default\" data-id=\"eb44c6d\" data-element_type=\"section\" data-settings=\"{&quot;stretch_section&quot;:&quot;section-stretched&quot;}\">\n\t\t\t\t\t\t<div class=\"elementor-container elementor-column-gap-no\">\n\t\t\t\t\t<div class=\"elementor-column elementor-col-100 elementor-top-column elementor-element elementor-element-29c514a\" data-id=\"29c514a\" data-element_type=\"column\">\n\t\t\t<div class=\"elementor-widget-wrap elementor-element-populated\">\n\t\t\t\t\t\t<section class=\"elementor-section elementor-inner-section elementor-element elementor-element-6cb9126 elementor-section-boxed elementor-section-height-default elementor-section-height-default\" data-id=\"6cb9126\" data-element_type=\"section\">\n\t\t\t\t\t\t<div class=\"elementor-container elementor-column-gap-default\">\n\t\t\t\t\t<div class=\"elementor-column elementor-col-50 elementor-inner-column elementor-element elementor-element-7b8eafe\" data-id=\"7b8eafe\" data-element_type=\"column\">\n\t\t\t<div class=\"elementor-widget-wrap elementor-element-populated\">\n\t\t\t\t\t\t<div class=\"elementor-element elementor-element-fb8bdcc elementor-arrows-position-inside elementor-widget elementor-widget-image-carousel\" data-id=\"fb8bdcc\" data-element_type=\"widget\" data-settings=\"{&quot;slides_to_show&quot;:&quot;1&quot;,&quot;navigation&quot;:&quot;both&quot;,&quot;autoplay&quot;:&quot;yes&quot;,&quot;pause_on_hover&quot;:&quot;yes&quot;,&quot;pause_on_interaction&quot;:&quot;yes&quot;,&quot;autoplay_speed&quot;:5000,&quot;infinite&quot;:&quot;yes&quot;,&quot;effect&quot;:&quot;slide&quot;,&quot;speed&quot;:500}\" data-widget_type=\"image-carousel.default\">\n\t\t\t\t<div class=\"elementor-widget-container\">\n\t\t\t\t\t\t\t<div class=\"elementor-image-carousel-wrapper swiper\" role=\"region\" aria-roledescription=\"carousel\" aria-label=\"Carrusel de im\u00e1genes\" dir=\"ltr\">\n\t\t\t<div class=\"elementor-image-carousel swiper-wrapper\" aria-live=\"off\">\n\t\t\t\t\t\t\t\t<div class=\"swiper-slide\" role=\"group\" aria-roledescription=\"slide\" aria-label=\"1 de 6\"><figure class=\"swiper-slide-inner\"><img decoding=\"async\" class=\"swiper-slide-image\" src=\"https:\/\/apinox.it\/wp-content\/uploads\/2024\/08\/ms-mz-1-gallery.jpg\" alt=\"macchina impastatrice ms\" \/><\/figure><\/div><div class=\"swiper-slide\" role=\"group\" aria-roledescription=\"slide\" aria-label=\"2 de 6\"><figure class=\"swiper-slide-inner\"><img decoding=\"async\" class=\"swiper-slide-image\" src=\"https:\/\/apinox.it\/wp-content\/uploads\/2024\/08\/ms-mz-2-gallery.jpg\" alt=\"macchina impastatrice ms\" \/><\/figure><\/div><div class=\"swiper-slide\" role=\"group\" aria-roledescription=\"slide\" aria-label=\"3 de 6\"><figure class=\"swiper-slide-inner\"><img decoding=\"async\" class=\"swiper-slide-image\" src=\"https:\/\/apinox.it\/wp-content\/uploads\/2024\/08\/ms-mz-3-gallery.jpg\" alt=\"macchina impastatrice ms\" \/><\/figure><\/div><div class=\"swiper-slide\" role=\"group\" aria-roledescription=\"slide\" aria-label=\"4 de 6\"><figure class=\"swiper-slide-inner\"><img decoding=\"async\" class=\"swiper-slide-image\" src=\"https:\/\/apinox.it\/wp-content\/uploads\/2024\/08\/ms-mz-4-gallery.jpg\" alt=\"macchina impastatrice ms\" \/><\/figure><\/div><div class=\"swiper-slide\" role=\"group\" aria-roledescription=\"slide\" aria-label=\"5 de 6\"><figure class=\"swiper-slide-inner\"><img decoding=\"async\" class=\"swiper-slide-image\" src=\"https:\/\/apinox.it\/wp-content\/uploads\/2024\/08\/ms-mz-5-gallery.jpg\" alt=\"macchina impastatrice ms\" \/><\/figure><\/div><div class=\"swiper-slide\" role=\"group\" aria-roledescription=\"slide\" aria-label=\"6 de 6\"><figure class=\"swiper-slide-inner\"><img decoding=\"async\" class=\"swiper-slide-image\" src=\"https:\/\/apinox.it\/wp-content\/uploads\/2024\/08\/ms-mz-6-gallery.jpg\" alt=\"macchina impastatrice ms\" \/><\/figure><\/div>\t\t\t<\/div>\n\t\t\t\t\t\t\t\t\t\t\t\t<div class=\"elementor-swiper-button elementor-swiper-button-prev\" role=\"button\" tabindex=\"0\">\n\t\t\t\t\t\t<svg aria-hidden=\"true\" class=\"e-font-icon-svg e-eicon-chevron-left\" viewBox=\"0 0 1000 1000\" xmlns=\"http:\/\/www.w3.org\/2000\/svg\"><path d=\"M646 125C629 125 613 133 604 142L308 442C296 454 292 471 292 487 292 504 296 521 308 533L604 854C617 867 629 875 646 875 663 875 679 871 692 858 704 846 713 829 713 812 713 796 708 779 692 767L438 487 692 225C700 217 708 204 708 187 708 171 704 154 692 142 675 129 663 125 646 125Z\"><\/path><\/svg>\t\t\t\t\t<\/div>\n\t\t\t\t\t<div class=\"elementor-swiper-button elementor-swiper-button-next\" role=\"button\" tabindex=\"0\">\n\t\t\t\t\t\t<svg aria-hidden=\"true\" class=\"e-font-icon-svg e-eicon-chevron-right\" viewBox=\"0 0 1000 1000\" xmlns=\"http:\/\/www.w3.org\/2000\/svg\"><path d=\"M696 533C708 521 713 504 713 487 713 471 708 454 696 446L400 146C388 133 375 125 354 125 338 125 325 129 313 142 300 154 292 171 292 187 292 204 296 221 308 233L563 492 304 771C292 783 288 800 288 817 288 833 296 850 308 863 321 871 338 875 354 875 371 875 388 867 400 854L696 533Z\"><\/path><\/svg>\t\t\t\t\t<\/div>\n\t\t\t\t\n\t\t\t\t\t\t\t\t\t<div class=\"swiper-pagination\"><\/div>\n\t\t\t\t\t\t\t\t\t<\/div>\n\t\t\t\t\t\t<\/div>\n\t\t\t\t<\/div>\n\t\t\t\t\t<\/div>\n\t\t<\/div>\n\t\t\t\t<div class=\"elementor-column elementor-col-50 elementor-inner-column elementor-element elementor-element-69d465c\" data-id=\"69d465c\" data-element_type=\"column\">\n\t\t\t<div class=\"elementor-widget-wrap elementor-element-populated\">\n\t\t\t\t\t\t<div class=\"elementor-element elementor-element-c43bb9f elementor-widget elementor-widget-heading\" data-id=\"c43bb9f\" data-element_type=\"widget\" data-widget_type=\"heading.default\">\n\t\t\t\t<div class=\"elementor-widget-container\">\n\t\t\t\t\t<h2 class=\"elementor-heading-title elementor-size-default\">Amasadora industrial para mezclar productos tenaces<\/h2>\t\t\t\t<\/div>\n\t\t\t\t<\/div>\n\t\t\t\t<div class=\"elementor-element elementor-element-d16fe6a elementor-widget elementor-widget-text-editor\" data-id=\"d16fe6a\" data-element_type=\"widget\" data-widget_type=\"text-editor.default\">\n\t\t\t\t<div class=\"elementor-widget-container\">\n\t\t\t\t\t\t\t\t\t<p>Amasadora horizontal con doble brazo mezclador en forma de Sigma para mezclar productos tenaces que requieren un gran esfuerzo de la m\u00e1quina. Este modelo es muy vers\u00e1til y permite mezclar varios tipos de productos, desde la industria alimentaria \u2013 masas de galletas duras y blandas, crakers, snacks, pasta de az\u00facar \u2013 hasta la industria qu\u00edmica \u2013 masas para tizas y l\u00e1pices de colores, pastas para modelar tipo <em>play dough<\/em>, plastilina y similares.<\/p><p>La cuba de mezcla cuenta con una camisa para la circulaci\u00f3n de fluidos t\u00e9rmicos de calentamiento y\/o enfriamiento y alcanza una inclinaci\u00f3n de 120\u00b0 para la descarga completa del producto sin necesidad de utilizar herramientas manuales. La descarga de toda la masa directamente en una cinta transportadora &#8211; sin necesidad de un operador ni cubas sobre ruedas &#8211; \u00a0facilita la eliminaci\u00f3n de todos los dispositivos de vuelco, levantamiento y movimiento.<\/p><p class=\"p1\">La opci\u00f3n de apertura frontal\/trasera de la cuba permite utilizar el lado trasero para la carga manual de los microingredientes, la descarga de las masas de prueba o el lavado interno de la cuba y de la tapa. La gama disponible para este modelo va de 200 L a 3000 L.<\/p>\t\t\t\t\t\t\t\t<\/div>\n\t\t\t\t<\/div>\n\t\t\t\t\t<\/div>\n\t\t<\/div>\n\t\t\t\t\t<\/div>\n\t\t<\/section>\n\t\t\t\t\t<\/div>\n\t\t<\/div>\n\t\t\t\t\t<\/div>\n\t\t<\/section>\n\t\t\t\t<section class=\"elementor-section elementor-top-section elementor-element elementor-element-7011a5b elementor-section-full_width elementor-section-stretched elementor-section-height-default elementor-section-height-default\" data-id=\"7011a5b\" data-element_type=\"section\" data-settings=\"{&quot;stretch_section&quot;:&quot;section-stretched&quot;}\">\n\t\t\t\t\t\t<div class=\"elementor-container elementor-column-gap-no\">\n\t\t\t\t\t<div class=\"elementor-column elementor-col-100 elementor-top-column elementor-element elementor-element-dcdfb5d\" data-id=\"dcdfb5d\" data-element_type=\"column\">\n\t\t\t<div class=\"elementor-widget-wrap elementor-element-populated\">\n\t\t\t\t\t\t<div class=\"elementor-element elementor-element-4e976d3 elementor-widget elementor-widget-heading\" data-id=\"4e976d3\" data-element_type=\"widget\" data-widget_type=\"heading.default\">\n\t\t\t\t<div class=\"elementor-widget-container\">\n\t\t\t\t\t<h2 class=\"elementor-heading-title elementor-size-default\">\u00c1reas de aplicaci\u00f3n<\/h2>\t\t\t\t<\/div>\n\t\t\t\t<\/div>\n\t\t\t\t<section class=\"elementor-section elementor-inner-section elementor-element elementor-element-05e3435 elementor-section-boxed elementor-section-height-default elementor-section-height-default\" data-id=\"05e3435\" data-element_type=\"section\">\n\t\t\t\t\t\t<div class=\"elementor-container elementor-column-gap-default\">\n\t\t\t\t\t<div class=\"elementor-column elementor-col-100 elementor-inner-column elementor-element elementor-element-b329a0d\" data-id=\"b329a0d\" data-element_type=\"column\">\n\t\t\t<div class=\"elementor-widget-wrap elementor-element-populated\">\n\t\t\t\t\t\t<div class=\"elementor-element elementor-element-f080c08 elementor-widget elementor-widget-image-carousel\" data-id=\"f080c08\" data-element_type=\"widget\" data-settings=\"{&quot;navigation&quot;:&quot;none&quot;,&quot;lazyload&quot;:&quot;yes&quot;,&quot;autoplay_speed&quot;:900,&quot;speed&quot;:900,&quot;autoplay&quot;:&quot;yes&quot;,&quot;infinite&quot;:&quot;yes&quot;}\" data-widget_type=\"image-carousel.default\">\n\t\t\t\t<div class=\"elementor-widget-container\">\n\t\t\t\t\t\t\t<div class=\"elementor-image-carousel-wrapper swiper\" role=\"region\" aria-roledescription=\"carousel\" aria-label=\"Carrusel de im\u00e1genes\" dir=\"ltr\">\n\t\t\t<div class=\"elementor-image-carousel swiper-wrapper\" aria-live=\"off\">\n\t\t\t\t\t\t\t\t<div class=\"swiper-slide\" role=\"group\" aria-roledescription=\"slide\" aria-label=\"1 de 8\"><figure class=\"swiper-slide-inner\"><img class=\"swiper-slide-image swiper-lazy\" data-src=\"https:\/\/apinox.it\/wp-content\/uploads\/2024\/07\/chewing-gum.jpg\" alt=\"chewing-gum\" \/><div class=\"swiper-lazy-preloader\"><\/div><\/figure><\/div><div class=\"swiper-slide\" role=\"group\" aria-roledescription=\"slide\" aria-label=\"2 de 8\"><figure class=\"swiper-slide-inner\"><img class=\"swiper-slide-image swiper-lazy\" data-src=\"https:\/\/apinox.it\/wp-content\/uploads\/2024\/07\/candy.jpg\" alt=\"candy\" \/><div class=\"swiper-lazy-preloader\"><\/div><\/figure><\/div><div class=\"swiper-slide\" role=\"group\" aria-roledescription=\"slide\" aria-label=\"3 de 8\"><figure class=\"swiper-slide-inner\"><img class=\"swiper-slide-image swiper-lazy\" data-src=\"https:\/\/apinox.it\/wp-content\/uploads\/2024\/07\/paste-modellanti.jpg\" alt=\"paste-modellanti\" \/><div class=\"swiper-lazy-preloader\"><\/div><\/figure><\/div><div class=\"swiper-slide\" role=\"group\" aria-roledescription=\"slide\" aria-label=\"4 de 8\"><figure class=\"swiper-slide-inner\"><img class=\"swiper-slide-image swiper-lazy\" data-src=\"https:\/\/apinox.it\/wp-content\/uploads\/2024\/07\/pigmenti.jpg\" alt=\"pigmenti\" \/><div class=\"swiper-lazy-preloader\"><\/div><\/figure><\/div><div class=\"swiper-slide\" role=\"group\" aria-roledescription=\"slide\" aria-label=\"5 de 8\"><figure class=\"swiper-slide-inner\"><img class=\"swiper-slide-image swiper-lazy\" data-src=\"https:\/\/apinox.it\/wp-content\/uploads\/2024\/07\/sigillanti.jpg\" alt=\"sigillanti\" \/><div class=\"swiper-lazy-preloader\"><\/div><\/figure><\/div><div class=\"swiper-slide\" role=\"group\" aria-roledescription=\"slide\" aria-label=\"6 de 8\"><figure class=\"swiper-slide-inner\"><img class=\"swiper-slide-image swiper-lazy\" data-src=\"https:\/\/apinox.it\/wp-content\/uploads\/2024\/07\/preparati-per-brodo.jpg\" alt=\"preparati-per-brodo\" \/><div class=\"swiper-lazy-preloader\"><\/div><\/figure><\/div><div class=\"swiper-slide\" role=\"group\" aria-roledescription=\"slide\" aria-label=\"7 de 8\"><figure class=\"swiper-slide-inner\"><img class=\"swiper-slide-image swiper-lazy\" data-src=\"https:\/\/apinox.it\/wp-content\/uploads\/2024\/07\/pasta-di-mandorla.jpg\" alt=\"pasta-di-mandorla\" \/><div class=\"swiper-lazy-preloader\"><\/div><\/figure><\/div><div class=\"swiper-slide\" role=\"group\" aria-roledescription=\"slide\" aria-label=\"8 de 8\"><figure class=\"swiper-slide-inner\"><img class=\"swiper-slide-image swiper-lazy\" data-src=\"https:\/\/apinox.it\/wp-content\/uploads\/2024\/07\/pasta-di-zucchero.jpg\" alt=\"pasta-di-zucchero\" \/><div class=\"swiper-lazy-preloader\"><\/div><\/figure><\/div>\t\t\t<\/div>\n\t\t\t\t\t\t\t\n\t\t\t\t\t\t\t\t\t<\/div>\n\t\t\t\t\t\t<\/div>\n\t\t\t\t<\/div>\n\t\t\t\t\t<\/div>\n\t\t<\/div>\n\t\t\t\t\t<\/div>\n\t\t<\/section>\n\t\t\t\t\t<\/div>\n\t\t<\/div>\n\t\t\t\t\t<\/div>\n\t\t<\/section>\n\t\t\t\t<section class=\"elementor-section elementor-top-section elementor-element elementor-element-48024899 elementor-section-stretched elementor-section-boxed elementor-section-height-default elementor-section-height-default\" data-id=\"48024899\" data-element_type=\"section\" data-settings=\"{&quot;stretch_section&quot;:&quot;section-stretched&quot;}\">\n\t\t\t\t\t\t<div class=\"elementor-container elementor-column-gap-no\">\n\t\t\t\t\t<div class=\"elementor-column elementor-col-100 elementor-top-column elementor-element elementor-element-53187ebc\" data-id=\"53187ebc\" data-element_type=\"column\">\n\t\t\t<div class=\"elementor-widget-wrap elementor-element-populated\">\n\t\t\t\t\t\t<div class=\"elementor-element elementor-element-72c8d05a elementor-widget elementor-widget-heading\" data-id=\"72c8d05a\" data-element_type=\"widget\" data-widget_type=\"heading.default\">\n\t\t\t\t<div class=\"elementor-widget-container\">\n\t\t\t\t\t<h2 class=\"elementor-heading-title elementor-size-default\">Disponible como opci\u00f3n<\/h2>\t\t\t\t<\/div>\n\t\t\t\t<\/div>\n\t\t\t\t<div class=\"elementor-element elementor-element-161260d0 slider-accessori testimonial-carousel-type-1 elementor-widget elementor-widget-industrium_testimonial_carousel\" data-id=\"161260d0\" data-element_type=\"widget\" data-widget_type=\"industrium_testimonial_carousel.default\">\n\t\t\t\t<div class=\"elementor-widget-container\">\n\t\t\t\t\t\n        <div class=\"industrium-testimonial-carousel-widget\">\n            <div class=\"testimonial-carousel-wrapper\">\n                <div class=\"testimonial-wrapper-inner\">\n                                        <div class=\"testimonials-slider-container\">\n                        <div class=\"testimonials-slider owl-carousel owl-theme\" data-slider-options=\"{&quot;items&quot;:4,&quot;nav&quot;:true,&quot;dots&quot;:false,&quot;autoplayHoverPause&quot;:true,&quot;autoplay&quot;:false,&quot;autoplaySpeed&quot;:300,&quot;autoplayTimeout&quot;:5000,&quot;loop&quot;:true,&quot;speed&quot;:500,&quot;dotsContainer&quot;:&quot;.owl-dots-161260d0&quot;}\">\n                            <div class=\"testimonial-item slider-item slider-item-type-1\"><div class=\"author-container\"><div class=\"testimonial-photo\"><img decoding=\"async\" src=\"https:\/\/apinox.it\/wp-content\/uploads\/2025\/02\/acciaio-340.png\" alt=\"\"><\/div><div class=\"author-info\"><\/div><\/div><div class=\"testimonial\"><h3><strong>FABRICACI\u00d3N TOTALMENTE EN ACERO INOXIDABLE<\/strong><\/h3><p>Construcci\u00f3n en acero inoxidable con excepci\u00f3n de los motores \/ reductores y los componentes el\u00e9ctricos en la m\u00e1quina.<\/p><\/div><\/div><div class=\"testimonial-item slider-item slider-item-type-1\"><div class=\"author-container\"><div class=\"testimonial-photo\"><img decoding=\"async\" src=\"https:\/\/apinox.it\/wp-content\/uploads\/2024\/12\/riscaldamento-vasca.png\" alt=\"\"><\/div><div class=\"author-info\"><\/div><\/div><div class=\"testimonial\"><h3><strong>SISTEMA DE CALENTAMIENTO DE LA CUBA DE MEZCLA CON ACEITE DIAT\u00c9RMICO O VAPOR DE AGUA<\/strong><\/h3><p>Es posible realizar un sistema de calentamiento para la camisa de la cuba de la m\u00e1quina, con resistencias el\u00e9ctricas en ba\u00f1o de aceite o con un circuito por el que pueda circular vapor a presi\u00f3n.<\/p><\/div><\/div><div class=\"testimonial-item slider-item slider-item-type-1\"><div class=\"author-container\"><div class=\"testimonial-photo\"><img decoding=\"async\" src=\"https:\/\/apinox.it\/wp-content\/uploads\/2024\/12\/acciaio-inox.png\" alt=\"\"><\/div><div class=\"author-info\"><\/div><\/div><div class=\"testimonial\"><h3><strong>SUPERFICIES EN CONTACTO CON EL PRODUCTO (CUBA, BRAZOS MEZCLADORES Y TAPA) DE ACERO INOXIDABLE AISI 316L<\/strong><\/h3><p>Es posible realizar la cuba de mezcla en acero inoxidable AISI 316 en presencia de productos agresivos o con alto contenido en sal.<\/p><\/div><\/div><div class=\"testimonial-item slider-item slider-item-type-1\"><div class=\"author-container\"><div class=\"testimonial-photo\"><img decoding=\"async\" src=\"https:\/\/apinox.it\/wp-content\/uploads\/2024\/12\/52353316-icona-vasca-copia.png\" alt=\"\"><\/div><div class=\"author-info\"><\/div><\/div><div class=\"testimonial\"><h3><strong>VUELCO DE LA CUBA DE MEZCLA POR AMBOS LADOS<\/strong><\/h3><p>Vuelco de la cuba de mezcla por ambos lados, delantero hasta 135\u00b0, trasero 90\u00b0. Levantamiento mec\u00e1nico de la tapa, carrera 10\u00f715 [mm].<\/p><\/div><\/div><div class=\"testimonial-item slider-item slider-item-type-1\"><div class=\"author-container\"><div class=\"testimonial-photo\"><img decoding=\"async\" src=\"https:\/\/apinox.it\/wp-content\/uploads\/2024\/12\/lavaggio-vasca.png\" alt=\"\"><\/div><div class=\"author-info\"><\/div><\/div><div class=\"testimonial\"><h3><strong>SISTEMA DE LAVADO<\/strong><\/h3><p>Sistema de lavado de la cuba y del brazo mezclador, que est\u00e1 colocado sobre la tapa, controlado electroneum\u00e1ticamente.<\/p><\/div><\/div><div class=\"testimonial-item slider-item slider-item-type-1\"><div class=\"author-container\"><div class=\"testimonial-photo\"><img decoding=\"async\" src=\"https:\/\/apinox.it\/wp-content\/uploads\/2024\/12\/car-oil.png\" alt=\"\"><\/div><div class=\"author-info\"><\/div><\/div><div class=\"testimonial\"><h3><strong>SISTEMA DE ENGRASE AUTOM\u00c1TICO<\/strong><\/h3><p>Montaje e instalaci\u00f3n de un sistema de engrase autom\u00e1tico de los rodamientos del brazo mezclador y de los casquillos de vuelco de la cuba. La lubricaci\u00f3n y las alarmas son gestionadas por el PLC de la mezcladora. Instalaci\u00f3n completa con interruptores de presi\u00f3n de final de l\u00ednea en los puntos de engrase de los rodamientos, para confirmaci\u00f3n del engrase.<\/p><\/div><\/div>                        <\/div>\n                    <\/div>\n                <\/div>\n                <div class=\"testimonials-footer\"><div class=\"owl-dots owl-dots-161260d0\"><\/div><\/div>            <\/div>\n        <\/div>\n\n        \t\t\t\t<\/div>\n\t\t\t\t<\/div>\n\t\t\t\t\t<\/div>\n\t\t<\/div>\n\t\t\t\t\t<\/div>\n\t\t<\/section>\n\t\t\t\t<\/div>\n\t\t","protected":false},"excerpt":{"rendered":"<p>Amasadora industrial para mezclar productos tenaces Amasadora horizontal con doble brazo mezclador en forma de Sigma para mezclar productos tenaces que requieren un gran esfuerzo de la m\u00e1quina. Este modelo es muy vers\u00e1til y permite mezclar varios tipos de productos, desde&#8230;<\/p>\n","protected":false},"author":1,"featured_media":0,"parent":0,"menu_order":0,"comment_status":"closed","ping_status":"closed","template":"","meta":{"footnotes":""},"class_list":["post-24857","page","type-page","status-publish","hentry"],"aioseo_notices":[],"_links":{"self":[{"href":"https:\/\/apinox.it\/es\/wp-json\/wp\/v2\/pages\/24857","targetHints":{"allow":["GET"]}}],"collection":[{"href":"https:\/\/apinox.it\/es\/wp-json\/wp\/v2\/pages"}],"about":[{"href":"https:\/\/apinox.it\/es\/wp-json\/wp\/v2\/types\/page"}],"author":[{"embeddable":true,"href":"https:\/\/apinox.it\/es\/wp-json\/wp\/v2\/users\/1"}],"replies":[{"embeddable":true,"href":"https:\/\/apinox.it\/es\/wp-json\/wp\/v2\/comments?post=24857"}],"version-history":[{"count":0,"href":"https:\/\/apinox.it\/es\/wp-json\/wp\/v2\/pages\/24857\/revisions"}],"wp:attachment":[{"href":"https:\/\/apinox.it\/es\/wp-json\/wp\/v2\/media?parent=24857"}],"curies":[{"name":"wp","href":"https:\/\/api.w.org\/{rel}","templated":true}]}}