{"id":24910,"date":"2025-02-05T13:32:29","date_gmt":"2025-02-05T13:32:29","guid":{"rendered":"https:\/\/apinox.it\/?page_id=24910"},"modified":"2025-02-05T13:34:53","modified_gmt":"2025-02-05T13:34:53","slug":"scw","status":"publish","type":"page","link":"https:\/\/apinox.it\/es\/scw\/","title":{"rendered":"SCW"},"content":{"rendered":"\t\t<div data-elementor-type=\"wp-page\" data-elementor-id=\"24910\" class=\"elementor elementor-24910\">\n\t\t\t\t\t\t<section class=\"elementor-section elementor-top-section elementor-element elementor-element-e577d66 elementor-section-stretched elementor-section-height-min-height elementor-section-boxed elementor-section-height-default elementor-section-items-middle\" data-id=\"e577d66\" data-element_type=\"section\" data-settings=\"{&quot;stretch_section&quot;:&quot;section-stretched&quot;,&quot;background_background&quot;:&quot;classic&quot;}\">\n\t\t\t\t\t\t\t<div class=\"elementor-background-overlay\"><\/div>\n\t\t\t\t\t\t\t<div class=\"elementor-container elementor-column-gap-no\">\n\t\t\t\t\t<div class=\"elementor-column elementor-col-100 elementor-top-column elementor-element elementor-element-9dc2132\" data-id=\"9dc2132\" data-element_type=\"column\">\n\t\t\t<div class=\"elementor-widget-wrap elementor-element-populated\">\n\t\t\t\t\t\t<div class=\"elementor-element elementor-element-00f3faf elementor-widget elementor-widget-industrium_heading\" data-id=\"00f3faf\" data-element_type=\"widget\" data-widget_type=\"industrium_heading.default\">\n\t\t\t\t<div class=\"elementor-widget-container\">\n\t\t\t\t\t<div class=\"industrium-heading-widget\"><h1 class=\"industrium-heading\"><span class=\"industrium-heading-content\">SCW \u2013 Amasadora horizontal con doble brazo mezclador en forma de Sigma<\/span><\/h1><\/div>\t\t\t\t<\/div>\n\t\t\t\t<\/div>\n\t\t\t\t\t<\/div>\n\t\t<\/div>\n\t\t\t\t\t<\/div>\n\t\t<\/section>\n\t\t\t\t<section class=\"elementor-section elementor-top-section elementor-element elementor-element-eb44c6d elementor-section-full_width elementor-section-stretched elementor-section-height-default elementor-section-height-default\" data-id=\"eb44c6d\" data-element_type=\"section\" data-settings=\"{&quot;stretch_section&quot;:&quot;section-stretched&quot;}\">\n\t\t\t\t\t\t<div class=\"elementor-container elementor-column-gap-no\">\n\t\t\t\t\t<div class=\"elementor-column elementor-col-100 elementor-top-column elementor-element elementor-element-29c514a\" data-id=\"29c514a\" data-element_type=\"column\">\n\t\t\t<div class=\"elementor-widget-wrap elementor-element-populated\">\n\t\t\t\t\t\t<section class=\"elementor-section elementor-inner-section elementor-element elementor-element-6cb9126 elementor-section-boxed elementor-section-height-default elementor-section-height-default\" data-id=\"6cb9126\" data-element_type=\"section\">\n\t\t\t\t\t\t<div class=\"elementor-container elementor-column-gap-default\">\n\t\t\t\t\t<div class=\"elementor-column elementor-col-50 elementor-inner-column elementor-element elementor-element-7b8eafe\" data-id=\"7b8eafe\" data-element_type=\"column\">\n\t\t\t<div class=\"elementor-widget-wrap elementor-element-populated\">\n\t\t\t\t\t\t<div class=\"elementor-element elementor-element-fb8bdcc elementor-arrows-position-inside elementor-widget elementor-widget-image-carousel\" data-id=\"fb8bdcc\" data-element_type=\"widget\" data-settings=\"{&quot;slides_to_show&quot;:&quot;1&quot;,&quot;navigation&quot;:&quot;both&quot;,&quot;autoplay&quot;:&quot;yes&quot;,&quot;pause_on_hover&quot;:&quot;yes&quot;,&quot;pause_on_interaction&quot;:&quot;yes&quot;,&quot;autoplay_speed&quot;:5000,&quot;infinite&quot;:&quot;yes&quot;,&quot;effect&quot;:&quot;slide&quot;,&quot;speed&quot;:500}\" data-widget_type=\"image-carousel.default\">\n\t\t\t\t<div class=\"elementor-widget-container\">\n\t\t\t\t\t\t\t<div class=\"elementor-image-carousel-wrapper swiper\" role=\"region\" aria-roledescription=\"carousel\" aria-label=\"Carrusel de im\u00e1genes\" dir=\"ltr\">\n\t\t\t<div class=\"elementor-image-carousel swiper-wrapper\" aria-live=\"off\">\n\t\t\t\t\t\t\t\t<div class=\"swiper-slide\" role=\"group\" aria-roledescription=\"slide\" aria-label=\"1 de 3\"><figure class=\"swiper-slide-inner\"><img decoding=\"async\" class=\"swiper-slide-image\" src=\"https:\/\/apinox.it\/wp-content\/uploads\/2024\/08\/scw-1-gallery.jpg\" alt=\"macchina impastatrice scw\" \/><\/figure><\/div><div class=\"swiper-slide\" role=\"group\" aria-roledescription=\"slide\" aria-label=\"2 de 3\"><figure class=\"swiper-slide-inner\"><img decoding=\"async\" class=\"swiper-slide-image\" src=\"https:\/\/apinox.it\/wp-content\/uploads\/2024\/08\/scw-2-gallery.jpg\" alt=\"macchina impastatrice scw\" \/><\/figure><\/div><div class=\"swiper-slide\" role=\"group\" aria-roledescription=\"slide\" aria-label=\"3 de 3\"><figure class=\"swiper-slide-inner\"><img decoding=\"async\" class=\"swiper-slide-image\" src=\"https:\/\/apinox.it\/wp-content\/uploads\/2024\/12\/SCW-aperta-1.jpg\" alt=\"SCW aperta (1)\" \/><\/figure><\/div>\t\t\t<\/div>\n\t\t\t\t\t\t\t\t\t\t\t\t<div class=\"elementor-swiper-button elementor-swiper-button-prev\" role=\"button\" tabindex=\"0\">\n\t\t\t\t\t\t<svg aria-hidden=\"true\" class=\"e-font-icon-svg e-eicon-chevron-left\" viewBox=\"0 0 1000 1000\" xmlns=\"http:\/\/www.w3.org\/2000\/svg\"><path d=\"M646 125C629 125 613 133 604 142L308 442C296 454 292 471 292 487 292 504 296 521 308 533L604 854C617 867 629 875 646 875 663 875 679 871 692 858 704 846 713 829 713 812 713 796 708 779 692 767L438 487 692 225C700 217 708 204 708 187 708 171 704 154 692 142 675 129 663 125 646 125Z\"><\/path><\/svg>\t\t\t\t\t<\/div>\n\t\t\t\t\t<div class=\"elementor-swiper-button elementor-swiper-button-next\" role=\"button\" tabindex=\"0\">\n\t\t\t\t\t\t<svg aria-hidden=\"true\" class=\"e-font-icon-svg e-eicon-chevron-right\" viewBox=\"0 0 1000 1000\" xmlns=\"http:\/\/www.w3.org\/2000\/svg\"><path d=\"M696 533C708 521 713 504 713 487 713 471 708 454 696 446L400 146C388 133 375 125 354 125 338 125 325 129 313 142 300 154 292 171 292 187 292 204 296 221 308 233L563 492 304 771C292 783 288 800 288 817 288 833 296 850 308 863 321 871 338 875 354 875 371 875 388 867 400 854L696 533Z\"><\/path><\/svg>\t\t\t\t\t<\/div>\n\t\t\t\t\n\t\t\t\t\t\t\t\t\t<div class=\"swiper-pagination\"><\/div>\n\t\t\t\t\t\t\t\t\t<\/div>\n\t\t\t\t\t\t<\/div>\n\t\t\t\t<\/div>\n\t\t\t\t\t<\/div>\n\t\t<\/div>\n\t\t\t\t<div class=\"elementor-column elementor-col-50 elementor-inner-column elementor-element elementor-element-69d465c\" data-id=\"69d465c\" data-element_type=\"column\">\n\t\t\t<div class=\"elementor-widget-wrap elementor-element-populated\">\n\t\t\t\t\t\t<div class=\"elementor-element elementor-element-c43bb9f elementor-widget elementor-widget-heading\" data-id=\"c43bb9f\" data-element_type=\"widget\" data-widget_type=\"heading.default\">\n\t\t\t\t<div class=\"elementor-widget-container\">\n\t\t\t\t\t<h2 class=\"elementor-heading-title elementor-size-default\">Amasadora industrial para mezclar masas tipo goma de mascar \u2013 chicles y goma base <\/h2>\t\t\t\t<\/div>\n\t\t\t\t<\/div>\n\t\t\t\t<div class=\"elementor-element elementor-element-d16fe6a elementor-widget elementor-widget-text-editor\" data-id=\"d16fe6a\" data-element_type=\"widget\" data-widget_type=\"text-editor.default\">\n\t\t\t\t<div class=\"elementor-widget-container\">\n\t\t\t\t\t\t\t\t\t<p>Amasadora industrial con doble brazo mezclador en forma de Sigma para mezclar productos tenaces que requieren un gran esfuerzo de la m\u00e1quina.<br \/>La mec\u00e1nica es robusta y probada, la estructura s\u00f3lida y esencial para facilitar el uso y reducir los costes de funcionamiento.<\/p><p class=\"p1\">Esta m\u00e1quina ha sido desarrollada para mezclar masas como goma de mascar, chicles y goma base. La cuba de mezcla de los modelos S y S\/CW dispone siempre de camisa para la circulaci\u00f3n de fluidos de calentamiento y\/o enfriamiento. La camisa puede estar equipada con calentamiento por vapor o, alternativamente, el calentamiento puede realizarse con resistencias el\u00e9ctricas en ba\u00f1o de aceite. Es posible dise\u00f1ar la tapa con apertura manual, para facilitar la carga de materias primas directamente por el operador o, alternativamente, puede realizarse en posici\u00f3n fija, para adaptarse mejor a la posible automatizaci\u00f3n de carga de ingredientes. La descarga del producto puede llevarse a cabo sobre una cuba con ruedas o sobre una cinta transportadora adecuadamente dise\u00f1ada y conectada con la m\u00e1quina. La gama disponible para este modelo va de 50 L a 3000 L.<\/p>\t\t\t\t\t\t\t\t<\/div>\n\t\t\t\t<\/div>\n\t\t\t\t\t<\/div>\n\t\t<\/div>\n\t\t\t\t\t<\/div>\n\t\t<\/section>\n\t\t\t\t\t<\/div>\n\t\t<\/div>\n\t\t\t\t\t<\/div>\n\t\t<\/section>\n\t\t\t\t<section class=\"elementor-section elementor-top-section elementor-element elementor-element-7011a5b elementor-section-full_width elementor-section-stretched elementor-section-height-default elementor-section-height-default\" data-id=\"7011a5b\" data-element_type=\"section\" data-settings=\"{&quot;stretch_section&quot;:&quot;section-stretched&quot;}\">\n\t\t\t\t\t\t<div class=\"elementor-container elementor-column-gap-no\">\n\t\t\t\t\t<div class=\"elementor-column elementor-col-100 elementor-top-column elementor-element elementor-element-dcdfb5d\" data-id=\"dcdfb5d\" data-element_type=\"column\">\n\t\t\t<div class=\"elementor-widget-wrap elementor-element-populated\">\n\t\t\t\t\t\t<div class=\"elementor-element elementor-element-4e976d3 elementor-widget elementor-widget-heading\" data-id=\"4e976d3\" data-element_type=\"widget\" data-widget_type=\"heading.default\">\n\t\t\t\t<div class=\"elementor-widget-container\">\n\t\t\t\t\t<h2 class=\"elementor-heading-title elementor-size-default\">\u00c1reas de aplicaci\u00f3n<\/h2>\t\t\t\t<\/div>\n\t\t\t\t<\/div>\n\t\t\t\t<section class=\"elementor-section elementor-inner-section elementor-element elementor-element-05e3435 elementor-section-boxed elementor-section-height-default elementor-section-height-default\" data-id=\"05e3435\" data-element_type=\"section\">\n\t\t\t\t\t\t<div class=\"elementor-container elementor-column-gap-default\">\n\t\t\t\t\t<div class=\"elementor-column elementor-col-100 elementor-inner-column elementor-element elementor-element-b329a0d\" data-id=\"b329a0d\" data-element_type=\"column\">\n\t\t\t<div class=\"elementor-widget-wrap elementor-element-populated\">\n\t\t\t\t\t\t<div class=\"elementor-element elementor-element-f080c08 elementor-widget elementor-widget-image-carousel\" data-id=\"f080c08\" data-element_type=\"widget\" data-settings=\"{&quot;navigation&quot;:&quot;none&quot;,&quot;lazyload&quot;:&quot;yes&quot;,&quot;autoplay_speed&quot;:900,&quot;speed&quot;:900,&quot;autoplay&quot;:&quot;yes&quot;,&quot;infinite&quot;:&quot;yes&quot;}\" data-widget_type=\"image-carousel.default\">\n\t\t\t\t<div class=\"elementor-widget-container\">\n\t\t\t\t\t\t\t<div class=\"elementor-image-carousel-wrapper swiper\" role=\"region\" aria-roledescription=\"carousel\" aria-label=\"Carrusel de im\u00e1genes\" dir=\"ltr\">\n\t\t\t<div class=\"elementor-image-carousel swiper-wrapper\" aria-live=\"off\">\n\t\t\t\t\t\t\t\t<div class=\"swiper-slide\" role=\"group\" aria-roledescription=\"slide\" aria-label=\"1 de 9\"><figure class=\"swiper-slide-inner\"><img class=\"swiper-slide-image swiper-lazy\" data-src=\"https:\/\/apinox.it\/wp-content\/uploads\/2024\/07\/chewing-gum.jpg\" alt=\"chewing-gum\" \/><div class=\"swiper-lazy-preloader\"><\/div><\/figure><\/div><div class=\"swiper-slide\" role=\"group\" aria-roledescription=\"slide\" aria-label=\"2 de 9\"><figure class=\"swiper-slide-inner\"><img class=\"swiper-slide-image swiper-lazy\" data-src=\"https:\/\/apinox.it\/wp-content\/uploads\/2024\/07\/gum-base.jpg\" alt=\"gum-base\" \/><div class=\"swiper-lazy-preloader\"><\/div><\/figure><\/div><div class=\"swiper-slide\" role=\"group\" aria-roledescription=\"slide\" aria-label=\"3 de 9\"><figure class=\"swiper-slide-inner\"><img class=\"swiper-slide-image swiper-lazy\" data-src=\"https:\/\/apinox.it\/wp-content\/uploads\/2024\/07\/candy.jpg\" alt=\"candy\" \/><div class=\"swiper-lazy-preloader\"><\/div><\/figure><\/div><div class=\"swiper-slide\" role=\"group\" aria-roledescription=\"slide\" aria-label=\"4 de 9\"><figure class=\"swiper-slide-inner\"><img class=\"swiper-slide-image swiper-lazy\" data-src=\"https:\/\/apinox.it\/wp-content\/uploads\/2024\/07\/paste-modellanti.jpg\" alt=\"paste-modellanti\" \/><div class=\"swiper-lazy-preloader\"><\/div><\/figure><\/div><div class=\"swiper-slide\" role=\"group\" aria-roledescription=\"slide\" aria-label=\"5 de 9\"><figure class=\"swiper-slide-inner\"><img class=\"swiper-slide-image swiper-lazy\" data-src=\"https:\/\/apinox.it\/wp-content\/uploads\/2024\/07\/pigmenti.jpg\" alt=\"pigmenti\" \/><div class=\"swiper-lazy-preloader\"><\/div><\/figure><\/div><div class=\"swiper-slide\" role=\"group\" aria-roledescription=\"slide\" aria-label=\"6 de 9\"><figure class=\"swiper-slide-inner\"><img class=\"swiper-slide-image swiper-lazy\" data-src=\"https:\/\/apinox.it\/wp-content\/uploads\/2024\/07\/sigillanti.jpg\" alt=\"sigillanti\" \/><div class=\"swiper-lazy-preloader\"><\/div><\/figure><\/div><div class=\"swiper-slide\" role=\"group\" aria-roledescription=\"slide\" aria-label=\"7 de 9\"><figure class=\"swiper-slide-inner\"><img class=\"swiper-slide-image swiper-lazy\" data-src=\"https:\/\/apinox.it\/wp-content\/uploads\/2024\/07\/preparati-per-brodo.jpg\" alt=\"preparati-per-brodo\" \/><div class=\"swiper-lazy-preloader\"><\/div><\/figure><\/div><div class=\"swiper-slide\" role=\"group\" aria-roledescription=\"slide\" aria-label=\"8 de 9\"><figure class=\"swiper-slide-inner\"><img class=\"swiper-slide-image swiper-lazy\" data-src=\"https:\/\/apinox.it\/wp-content\/uploads\/2024\/07\/pasta-di-mandorla.jpg\" alt=\"pasta-di-mandorla\" \/><div class=\"swiper-lazy-preloader\"><\/div><\/figure><\/div><div class=\"swiper-slide\" role=\"group\" aria-roledescription=\"slide\" aria-label=\"9 de 9\"><figure class=\"swiper-slide-inner\"><img class=\"swiper-slide-image swiper-lazy\" data-src=\"https:\/\/apinox.it\/wp-content\/uploads\/2024\/07\/pasta-di-zucchero.jpg\" alt=\"pasta-di-zucchero\" \/><div class=\"swiper-lazy-preloader\"><\/div><\/figure><\/div>\t\t\t<\/div>\n\t\t\t\t\t\t\t\n\t\t\t\t\t\t\t\t\t<\/div>\n\t\t\t\t\t\t<\/div>\n\t\t\t\t<\/div>\n\t\t\t\t\t<\/div>\n\t\t<\/div>\n\t\t\t\t\t<\/div>\n\t\t<\/section>\n\t\t\t\t\t<\/div>\n\t\t<\/div>\n\t\t\t\t\t<\/div>\n\t\t<\/section>\n\t\t\t\t<section class=\"elementor-section elementor-top-section elementor-element elementor-element-5da65082 elementor-section-stretched elementor-section-boxed elementor-section-height-default elementor-section-height-default\" data-id=\"5da65082\" data-element_type=\"section\" data-settings=\"{&quot;stretch_section&quot;:&quot;section-stretched&quot;}\">\n\t\t\t\t\t\t<div class=\"elementor-container elementor-column-gap-no\">\n\t\t\t\t\t<div class=\"elementor-column elementor-col-100 elementor-top-column elementor-element elementor-element-1b7253fb\" data-id=\"1b7253fb\" data-element_type=\"column\">\n\t\t\t<div class=\"elementor-widget-wrap elementor-element-populated\">\n\t\t\t\t\t\t<div class=\"elementor-element elementor-element-77beb5df elementor-widget elementor-widget-heading\" data-id=\"77beb5df\" data-element_type=\"widget\" data-widget_type=\"heading.default\">\n\t\t\t\t<div class=\"elementor-widget-container\">\n\t\t\t\t\t<h2 class=\"elementor-heading-title elementor-size-default\">Disponible como opci\u00f3n<\/h2>\t\t\t\t<\/div>\n\t\t\t\t<\/div>\n\t\t\t\t<div class=\"elementor-element elementor-element-26f84f97 slider-accessori testimonial-carousel-type-1 elementor-widget elementor-widget-industrium_testimonial_carousel\" data-id=\"26f84f97\" data-element_type=\"widget\" data-widget_type=\"industrium_testimonial_carousel.default\">\n\t\t\t\t<div class=\"elementor-widget-container\">\n\t\t\t\t\t\n        <div class=\"industrium-testimonial-carousel-widget\">\n            <div class=\"testimonial-carousel-wrapper\">\n                <div class=\"testimonial-wrapper-inner\">\n                                        <div class=\"testimonials-slider-container\">\n                        <div class=\"testimonials-slider owl-carousel owl-theme\" data-slider-options=\"{&quot;items&quot;:4,&quot;nav&quot;:true,&quot;dots&quot;:false,&quot;autoplayHoverPause&quot;:true,&quot;autoplay&quot;:false,&quot;autoplaySpeed&quot;:300,&quot;autoplayTimeout&quot;:5000,&quot;loop&quot;:false,&quot;speed&quot;:500,&quot;dotsContainer&quot;:&quot;.owl-dots-26f84f97&quot;}\">\n                            <div class=\"testimonial-item slider-item slider-item-type-1\"><div class=\"author-container\"><div class=\"testimonial-photo\"><img decoding=\"async\" src=\"https:\/\/apinox.it\/wp-content\/uploads\/2025\/02\/acciaio-340.png\" alt=\"\"><\/div><div class=\"author-info\"><\/div><\/div><div class=\"testimonial\"><h3><strong>FABRICACI\u00d3N TOTALMENTE EN ACERO INOXIDABLE<\/strong><\/h3><p>Construcci\u00f3n en acero inoxidable con excepci\u00f3n de los motores \/ reductores y los componentes el\u00e9ctricos en la m\u00e1quina.<\/p><\/div><\/div><div class=\"testimonial-item slider-item slider-item-type-1\"><div class=\"author-container\"><div class=\"testimonial-photo\"><img decoding=\"async\" src=\"https:\/\/apinox.it\/wp-content\/uploads\/2024\/12\/riscaldamento-vasca.png\" alt=\"\"><\/div><div class=\"author-info\"><\/div><\/div><div class=\"testimonial\"><h3><strong>SISTEMA DE CALENTAMIENTO DE LA CUBA DE MEZCLA CON ACEITE DIAT\u00c9RMICO O VAPOR DE AGUA<\/strong><\/h3><p>Es posible realizar un sistema de calentamiento para la camisa de la cuba de la m\u00e1quina, con resistencias el\u00e9ctricas en ba\u00f1o de aceite o con un circuito por el que pueda circular vapor a presi\u00f3n.<\/p><\/div><\/div><div class=\"testimonial-item slider-item slider-item-type-1\"><div class=\"author-container\"><div class=\"testimonial-photo\"><img decoding=\"async\" src=\"https:\/\/apinox.it\/wp-content\/uploads\/2024\/12\/acciaio-inox.png\" alt=\"\"><\/div><div class=\"author-info\"><\/div><\/div><div class=\"testimonial\"><h3><strong>SUPERFICIES EN CONTACTO CON EL PRODUCTO (CUBA, BRAZOS MEZCLADORES Y TAPA) DE ACERO INOXIDABLE AISI 316L<\/strong><\/h3><p>Es posible realizar la cuba de mezcla en acero inoxidable AISI 316 en presencia de productos agresivos o con alto contenido en sal.<\/p><\/div><\/div>                        <\/div>\n                    <\/div>\n                <\/div>\n                <div class=\"testimonials-footer\"><div class=\"owl-dots owl-dots-26f84f97\"><\/div><\/div>            <\/div>\n        <\/div>\n\n        \t\t\t\t<\/div>\n\t\t\t\t<\/div>\n\t\t\t\t\t<\/div>\n\t\t<\/div>\n\t\t\t\t\t<\/div>\n\t\t<\/section>\n\t\t\t\t<\/div>\n\t\t","protected":false},"excerpt":{"rendered":"<p>Amasadora industrial para mezclar masas tipo goma de mascar \u2013 chicles y goma base Amasadora industrial con doble brazo mezclador en forma de Sigma para mezclar productos tenaces que requieren un gran esfuerzo de la m\u00e1quina.La mec\u00e1nica es robusta y probada,&#8230;<\/p>\n","protected":false},"author":1,"featured_media":0,"parent":0,"menu_order":0,"comment_status":"closed","ping_status":"closed","template":"","meta":{"footnotes":""},"class_list":["post-24910","page","type-page","status-publish","hentry"],"aioseo_notices":[],"_links":{"self":[{"href":"https:\/\/apinox.it\/es\/wp-json\/wp\/v2\/pages\/24910","targetHints":{"allow":["GET"]}}],"collection":[{"href":"https:\/\/apinox.it\/es\/wp-json\/wp\/v2\/pages"}],"about":[{"href":"https:\/\/apinox.it\/es\/wp-json\/wp\/v2\/types\/page"}],"author":[{"embeddable":true,"href":"https:\/\/apinox.it\/es\/wp-json\/wp\/v2\/users\/1"}],"replies":[{"embeddable":true,"href":"https:\/\/apinox.it\/es\/wp-json\/wp\/v2\/comments?post=24910"}],"version-history":[{"count":0,"href":"https:\/\/apinox.it\/es\/wp-json\/wp\/v2\/pages\/24910\/revisions"}],"wp:attachment":[{"href":"https:\/\/apinox.it\/es\/wp-json\/wp\/v2\/media?parent=24910"}],"curies":[{"name":"wp","href":"https:\/\/api.w.org\/{rel}","templated":true}]}}