{"id":24916,"date":"2025-02-05T13:36:33","date_gmt":"2025-02-05T13:36:33","guid":{"rendered":"https:\/\/apinox.it\/?page_id=24916"},"modified":"2025-02-05T13:38:28","modified_gmt":"2025-02-05T13:38:28","slug":"scwe","status":"publish","type":"page","link":"https:\/\/apinox.it\/es\/scwe\/","title":{"rendered":"SCWE"},"content":{"rendered":"\t\t<div data-elementor-type=\"wp-page\" data-elementor-id=\"24916\" class=\"elementor elementor-24916\">\n\t\t\t\t\t\t<section class=\"elementor-section elementor-top-section elementor-element elementor-element-02cc1f7 elementor-section-stretched elementor-section-height-min-height elementor-section-boxed elementor-section-height-default elementor-section-items-middle\" data-id=\"02cc1f7\" data-element_type=\"section\" data-settings=\"{&quot;stretch_section&quot;:&quot;section-stretched&quot;,&quot;background_background&quot;:&quot;classic&quot;}\">\n\t\t\t\t\t\t\t<div class=\"elementor-background-overlay\"><\/div>\n\t\t\t\t\t\t\t<div class=\"elementor-container elementor-column-gap-no\">\n\t\t\t\t\t<div class=\"elementor-column elementor-col-100 elementor-top-column elementor-element elementor-element-937a019\" data-id=\"937a019\" data-element_type=\"column\">\n\t\t\t<div class=\"elementor-widget-wrap elementor-element-populated\">\n\t\t\t\t\t\t<div class=\"elementor-element elementor-element-7a0d49d elementor-widget elementor-widget-industrium_heading\" data-id=\"7a0d49d\" data-element_type=\"widget\" data-widget_type=\"industrium_heading.default\">\n\t\t\t\t<div class=\"elementor-widget-container\">\n\t\t\t\t\t<div class=\"industrium-heading-widget\"><h1 class=\"industrium-heading\"><span class=\"industrium-heading-content\">SCW-E \u2013 Amasadora horizontal con doble brazo mezclador en forma de Sigma<\/span><\/h1><\/div>\t\t\t\t<\/div>\n\t\t\t\t<\/div>\n\t\t\t\t\t<\/div>\n\t\t<\/div>\n\t\t\t\t\t<\/div>\n\t\t<\/section>\n\t\t\t\t<section class=\"elementor-section elementor-top-section elementor-element elementor-element-eb44c6d elementor-section-full_width elementor-section-stretched elementor-section-height-default elementor-section-height-default\" data-id=\"eb44c6d\" data-element_type=\"section\" data-settings=\"{&quot;stretch_section&quot;:&quot;section-stretched&quot;}\">\n\t\t\t\t\t\t<div class=\"elementor-container elementor-column-gap-no\">\n\t\t\t\t\t<div class=\"elementor-column elementor-col-100 elementor-top-column elementor-element elementor-element-29c514a\" data-id=\"29c514a\" data-element_type=\"column\">\n\t\t\t<div class=\"elementor-widget-wrap elementor-element-populated\">\n\t\t\t\t\t\t<section class=\"elementor-section elementor-inner-section elementor-element elementor-element-6cb9126 elementor-section-boxed elementor-section-height-default elementor-section-height-default\" data-id=\"6cb9126\" data-element_type=\"section\">\n\t\t\t\t\t\t<div class=\"elementor-container elementor-column-gap-default\">\n\t\t\t\t\t<div class=\"elementor-column elementor-col-50 elementor-inner-column elementor-element elementor-element-7b8eafe\" data-id=\"7b8eafe\" data-element_type=\"column\">\n\t\t\t<div class=\"elementor-widget-wrap elementor-element-populated\">\n\t\t\t\t\t\t<div class=\"elementor-element elementor-element-fb8bdcc elementor-arrows-position-inside elementor-widget elementor-widget-image-carousel\" data-id=\"fb8bdcc\" data-element_type=\"widget\" data-settings=\"{&quot;slides_to_show&quot;:&quot;1&quot;,&quot;navigation&quot;:&quot;both&quot;,&quot;autoplay&quot;:&quot;yes&quot;,&quot;pause_on_hover&quot;:&quot;yes&quot;,&quot;pause_on_interaction&quot;:&quot;yes&quot;,&quot;autoplay_speed&quot;:5000,&quot;infinite&quot;:&quot;yes&quot;,&quot;effect&quot;:&quot;slide&quot;,&quot;speed&quot;:500}\" data-widget_type=\"image-carousel.default\">\n\t\t\t\t<div class=\"elementor-widget-container\">\n\t\t\t\t\t\t\t<div class=\"elementor-image-carousel-wrapper swiper\" role=\"region\" aria-roledescription=\"carousel\" aria-label=\"Carrusel de im\u00e1genes\" dir=\"ltr\">\n\t\t\t<div class=\"elementor-image-carousel swiper-wrapper\" aria-live=\"off\">\n\t\t\t\t\t\t\t\t<div class=\"swiper-slide\" role=\"group\" aria-roledescription=\"slide\" aria-label=\"1 de 2\"><figure class=\"swiper-slide-inner\"><img decoding=\"async\" class=\"swiper-slide-image\" src=\"https:\/\/apinox.it\/wp-content\/uploads\/2024\/08\/scwe-1-gallery.jpg\" alt=\"macchina impastatrice scwe\" \/><\/figure><\/div><div class=\"swiper-slide\" role=\"group\" aria-roledescription=\"slide\" aria-label=\"2 de 2\"><figure class=\"swiper-slide-inner\"><img decoding=\"async\" class=\"swiper-slide-image\" src=\"https:\/\/apinox.it\/wp-content\/uploads\/2024\/08\/scwe-2-gallery.jpg\" alt=\"scwe-2-gallery\" \/><\/figure><\/div>\t\t\t<\/div>\n\t\t\t\t\t\t\t\t\t\t\t\t<div class=\"elementor-swiper-button elementor-swiper-button-prev\" role=\"button\" tabindex=\"0\">\n\t\t\t\t\t\t<svg aria-hidden=\"true\" class=\"e-font-icon-svg e-eicon-chevron-left\" viewBox=\"0 0 1000 1000\" xmlns=\"http:\/\/www.w3.org\/2000\/svg\"><path d=\"M646 125C629 125 613 133 604 142L308 442C296 454 292 471 292 487 292 504 296 521 308 533L604 854C617 867 629 875 646 875 663 875 679 871 692 858 704 846 713 829 713 812 713 796 708 779 692 767L438 487 692 225C700 217 708 204 708 187 708 171 704 154 692 142 675 129 663 125 646 125Z\"><\/path><\/svg>\t\t\t\t\t<\/div>\n\t\t\t\t\t<div class=\"elementor-swiper-button elementor-swiper-button-next\" role=\"button\" tabindex=\"0\">\n\t\t\t\t\t\t<svg aria-hidden=\"true\" class=\"e-font-icon-svg e-eicon-chevron-right\" viewBox=\"0 0 1000 1000\" xmlns=\"http:\/\/www.w3.org\/2000\/svg\"><path d=\"M696 533C708 521 713 504 713 487 713 471 708 454 696 446L400 146C388 133 375 125 354 125 338 125 325 129 313 142 300 154 292 171 292 187 292 204 296 221 308 233L563 492 304 771C292 783 288 800 288 817 288 833 296 850 308 863 321 871 338 875 354 875 371 875 388 867 400 854L696 533Z\"><\/path><\/svg>\t\t\t\t\t<\/div>\n\t\t\t\t\n\t\t\t\t\t\t\t\t\t<div class=\"swiper-pagination\"><\/div>\n\t\t\t\t\t\t\t\t\t<\/div>\n\t\t\t\t\t\t<\/div>\n\t\t\t\t<\/div>\n\t\t\t\t\t<\/div>\n\t\t<\/div>\n\t\t\t\t<div class=\"elementor-column elementor-col-50 elementor-inner-column elementor-element elementor-element-69d465c\" data-id=\"69d465c\" data-element_type=\"column\">\n\t\t\t<div class=\"elementor-widget-wrap elementor-element-populated\">\n\t\t\t\t\t\t<div class=\"elementor-element elementor-element-c43bb9f elementor-widget elementor-widget-heading\" data-id=\"c43bb9f\" data-element_type=\"widget\" data-widget_type=\"heading.default\">\n\t\t\t\t<div class=\"elementor-widget-container\">\n\t\t\t\t\t<h2 class=\"elementor-heading-title elementor-size-default\">Amasadora industrial para mezclar masas tipo toffee y similares<\/h2>\t\t\t\t<\/div>\n\t\t\t\t<\/div>\n\t\t\t\t<div class=\"elementor-element elementor-element-d16fe6a elementor-widget elementor-widget-text-editor\" data-id=\"d16fe6a\" data-element_type=\"widget\" data-widget_type=\"text-editor.default\">\n\t\t\t\t<div class=\"elementor-widget-container\">\n\t\t\t\t\t\t\t\t\t<p>Amasadora con doble brazo mezclador en forma de Sigma y tornillo de Arqu\u00edmedes, apta para la mezcla de productos tenaces que requieren un gran esfuerzo de la m\u00e1quina. Esta m\u00e1quina ha sido desarrollada para mezclar masas como goma de mascar, chicles, toffee y similares. La gran versatilidad de este modelo tambi\u00e9n permite su utilizaci\u00f3n en la industria qu\u00edmica, para mezclar siliconas y otros productos relacionados. La cuba es fija y la descarga del producto se lleva a cabo a trav\u00e9s de un tornillo de Arqu\u00edmedes que canaliza el producto hacia una boca de descarga. La salida puede conectarse a una cinta transportadora o a una adecuada m\u00e1quina llenadora, en funci\u00f3n de las necesidades de producci\u00f3n. Est\u00e1 presente una camisa para la circulaci\u00f3n de fluidos de calentamiento \/ enfriamento y se puede equipar con resistencias el\u00e9ctricas en ba\u00f1o de aceite para el calentamiento.<\/p><p>Es posible realizar la tapa con apertura manual para facilitar la carga de las materias primas directamente por el operador o, alternativamente, puede realizarse en posici\u00f3n fija, en previsi\u00f3n de una posible automatizaci\u00f3n en la carga de ingredientes.<\/p><p class=\"p1\">La combinaci\u00f3n de tapa fija y dosificaci\u00f3n autom\u00e1tica garantiza la producci\u00f3n continua de recetas. La gama disponible para este modelo va de 200 L a 3000 L. <\/p>\t\t\t\t\t\t\t\t<\/div>\n\t\t\t\t<\/div>\n\t\t\t\t\t<\/div>\n\t\t<\/div>\n\t\t\t\t\t<\/div>\n\t\t<\/section>\n\t\t\t\t\t<\/div>\n\t\t<\/div>\n\t\t\t\t\t<\/div>\n\t\t<\/section>\n\t\t\t\t<section class=\"elementor-section elementor-top-section elementor-element elementor-element-7011a5b elementor-section-full_width elementor-section-stretched elementor-section-height-default elementor-section-height-default\" data-id=\"7011a5b\" data-element_type=\"section\" data-settings=\"{&quot;stretch_section&quot;:&quot;section-stretched&quot;}\">\n\t\t\t\t\t\t<div class=\"elementor-container elementor-column-gap-no\">\n\t\t\t\t\t<div class=\"elementor-column elementor-col-100 elementor-top-column elementor-element elementor-element-dcdfb5d\" data-id=\"dcdfb5d\" data-element_type=\"column\">\n\t\t\t<div class=\"elementor-widget-wrap elementor-element-populated\">\n\t\t\t\t\t\t<div class=\"elementor-element elementor-element-4e976d3 elementor-widget elementor-widget-heading\" data-id=\"4e976d3\" data-element_type=\"widget\" data-widget_type=\"heading.default\">\n\t\t\t\t<div class=\"elementor-widget-container\">\n\t\t\t\t\t<h2 class=\"elementor-heading-title elementor-size-default\">\u00c1reas de aplicaci\u00f3n<\/h2>\t\t\t\t<\/div>\n\t\t\t\t<\/div>\n\t\t\t\t<section class=\"elementor-section elementor-inner-section elementor-element elementor-element-05e3435 elementor-section-boxed elementor-section-height-default elementor-section-height-default\" data-id=\"05e3435\" data-element_type=\"section\">\n\t\t\t\t\t\t<div class=\"elementor-container elementor-column-gap-default\">\n\t\t\t\t\t<div class=\"elementor-column elementor-col-100 elementor-inner-column elementor-element elementor-element-b329a0d\" data-id=\"b329a0d\" data-element_type=\"column\">\n\t\t\t<div class=\"elementor-widget-wrap elementor-element-populated\">\n\t\t\t\t\t\t<div class=\"elementor-element elementor-element-f080c08 elementor-widget elementor-widget-image-carousel\" data-id=\"f080c08\" data-element_type=\"widget\" data-settings=\"{&quot;navigation&quot;:&quot;none&quot;,&quot;lazyload&quot;:&quot;yes&quot;,&quot;autoplay_speed&quot;:900,&quot;speed&quot;:900,&quot;autoplay&quot;:&quot;yes&quot;,&quot;infinite&quot;:&quot;yes&quot;}\" data-widget_type=\"image-carousel.default\">\n\t\t\t\t<div class=\"elementor-widget-container\">\n\t\t\t\t\t\t\t<div class=\"elementor-image-carousel-wrapper swiper\" role=\"region\" aria-roledescription=\"carousel\" aria-label=\"Carrusel de im\u00e1genes\" dir=\"ltr\">\n\t\t\t<div class=\"elementor-image-carousel swiper-wrapper\" aria-live=\"off\">\n\t\t\t\t\t\t\t\t<div class=\"swiper-slide\" role=\"group\" aria-roledescription=\"slide\" aria-label=\"1 de 4\"><figure class=\"swiper-slide-inner\"><img class=\"swiper-slide-image swiper-lazy\" data-src=\"https:\/\/apinox.it\/wp-content\/uploads\/2024\/07\/chewing-gum.jpg\" alt=\"chewing-gum\" \/><div class=\"swiper-lazy-preloader\"><\/div><\/figure><\/div><div class=\"swiper-slide\" role=\"group\" aria-roledescription=\"slide\" aria-label=\"2 de 4\"><figure class=\"swiper-slide-inner\"><img class=\"swiper-slide-image swiper-lazy\" data-src=\"https:\/\/apinox.it\/wp-content\/uploads\/2024\/07\/candy.jpg\" alt=\"candy\" \/><div class=\"swiper-lazy-preloader\"><\/div><\/figure><\/div><div class=\"swiper-slide\" role=\"group\" aria-roledescription=\"slide\" aria-label=\"3 de 4\"><figure class=\"swiper-slide-inner\"><img class=\"swiper-slide-image swiper-lazy\" data-src=\"https:\/\/apinox.it\/wp-content\/uploads\/2024\/07\/pigmenti.jpg\" alt=\"pigmenti\" \/><div class=\"swiper-lazy-preloader\"><\/div><\/figure><\/div><div class=\"swiper-slide\" role=\"group\" aria-roledescription=\"slide\" aria-label=\"4 de 4\"><figure class=\"swiper-slide-inner\"><img class=\"swiper-slide-image swiper-lazy\" data-src=\"https:\/\/apinox.it\/wp-content\/uploads\/2024\/07\/sigillanti.jpg\" alt=\"sigillanti\" \/><div class=\"swiper-lazy-preloader\"><\/div><\/figure><\/div>\t\t\t<\/div>\n\t\t\t\t\t\t\t\n\t\t\t\t\t\t\t\t\t<\/div>\n\t\t\t\t\t\t<\/div>\n\t\t\t\t<\/div>\n\t\t\t\t\t<\/div>\n\t\t<\/div>\n\t\t\t\t\t<\/div>\n\t\t<\/section>\n\t\t\t\t\t<\/div>\n\t\t<\/div>\n\t\t\t\t\t<\/div>\n\t\t<\/section>\n\t\t\t\t<section class=\"elementor-section elementor-top-section elementor-element elementor-element-5f416886 elementor-section-stretched elementor-section-boxed elementor-section-height-default elementor-section-height-default\" data-id=\"5f416886\" data-element_type=\"section\" data-settings=\"{&quot;stretch_section&quot;:&quot;section-stretched&quot;}\">\n\t\t\t\t\t\t<div class=\"elementor-container elementor-column-gap-no\">\n\t\t\t\t\t<div class=\"elementor-column elementor-col-100 elementor-top-column elementor-element elementor-element-8f5044c\" data-id=\"8f5044c\" data-element_type=\"column\">\n\t\t\t<div class=\"elementor-widget-wrap elementor-element-populated\">\n\t\t\t\t\t\t<div class=\"elementor-element elementor-element-20afa474 elementor-widget elementor-widget-heading\" data-id=\"20afa474\" data-element_type=\"widget\" data-widget_type=\"heading.default\">\n\t\t\t\t<div class=\"elementor-widget-container\">\n\t\t\t\t\t<h2 class=\"elementor-heading-title elementor-size-default\">Disponible como opci\u00f3n<\/h2>\t\t\t\t<\/div>\n\t\t\t\t<\/div>\n\t\t\t\t<div class=\"elementor-element elementor-element-77240cc5 slider-accessori testimonial-carousel-type-1 elementor-widget elementor-widget-industrium_testimonial_carousel\" data-id=\"77240cc5\" data-element_type=\"widget\" data-widget_type=\"industrium_testimonial_carousel.default\">\n\t\t\t\t<div class=\"elementor-widget-container\">\n\t\t\t\t\t\n        <div class=\"industrium-testimonial-carousel-widget\">\n            <div class=\"testimonial-carousel-wrapper\">\n                <div class=\"testimonial-wrapper-inner\">\n                                        <div class=\"testimonials-slider-container\">\n                        <div class=\"testimonials-slider owl-carousel owl-theme\" data-slider-options=\"{&quot;items&quot;:4,&quot;nav&quot;:true,&quot;dots&quot;:false,&quot;autoplayHoverPause&quot;:true,&quot;autoplay&quot;:false,&quot;autoplaySpeed&quot;:300,&quot;autoplayTimeout&quot;:5000,&quot;loop&quot;:false,&quot;speed&quot;:500,&quot;dotsContainer&quot;:&quot;.owl-dots-77240cc5&quot;}\">\n                            <div class=\"testimonial-item slider-item slider-item-type-1\"><div class=\"author-container\"><div class=\"testimonial-photo\"><img decoding=\"async\" src=\"https:\/\/apinox.it\/wp-content\/uploads\/2025\/02\/acciaio-340.png\" alt=\"\"><\/div><div class=\"author-info\"><\/div><\/div><div class=\"testimonial\"><h3><strong>FABRICACI\u00d3N TOTALMENTE EN ACERO INOXIDABLE<\/strong><\/h3><p>Construcci\u00f3n en acero inoxidable con excepci\u00f3n de los motores \/ reductores y los componentes el\u00e9ctricos en la m\u00e1quina.<\/p><\/div><\/div><div class=\"testimonial-item slider-item slider-item-type-1\"><div class=\"author-container\"><div class=\"testimonial-photo\"><img decoding=\"async\" src=\"https:\/\/apinox.it\/wp-content\/uploads\/2024\/12\/riscaldamento-vasca.png\" alt=\"\"><\/div><div class=\"author-info\"><\/div><\/div><div class=\"testimonial\"><h3><strong>SISTEMA DE CALENTAMIENTO DE LA CUBA DE MEZCLA CON ACEITE DIAT\u00c9RMICO O VAPOR DE AGUA<\/strong><\/h3><p>Es posible realizar un sistema de calentamiento para la camisa de la cuba de la m\u00e1quina, con resistencias el\u00e9ctricas en ba\u00f1o de aceite o con un circuito por el que pueda circular vapor a presi\u00f3n.<\/p><\/div><\/div><div class=\"testimonial-item slider-item slider-item-type-1\"><div class=\"author-container\"><div class=\"testimonial-photo\"><img decoding=\"async\" src=\"https:\/\/apinox.it\/wp-content\/uploads\/2024\/12\/acciaio-inox.png\" alt=\"\"><\/div><div class=\"author-info\"><\/div><\/div><div class=\"testimonial\"><h3><strong>SUPERFICIES EN CONTACTO CON EL PRODUCTO (CUBA, BRAZOS MEZCLADORES Y TAPA) DE ACERO INOXIDABLE AISI 316L<\/strong><\/h3><p>Es posible realizar la cuba de mezcla en acero inoxidable AISI 316 en presencia de productos agresivos o con alto contenido en sal.<\/p><\/div><\/div>                        <\/div>\n                    <\/div>\n                <\/div>\n                <div class=\"testimonials-footer\"><div class=\"owl-dots owl-dots-77240cc5\"><\/div><\/div>            <\/div>\n        <\/div>\n\n        \t\t\t\t<\/div>\n\t\t\t\t<\/div>\n\t\t\t\t\t<\/div>\n\t\t<\/div>\n\t\t\t\t\t<\/div>\n\t\t<\/section>\n\t\t\t\t<\/div>\n\t\t","protected":false},"excerpt":{"rendered":"<p>Amasadora industrial para mezclar masas tipo toffee y similares Amasadora con doble brazo mezclador en forma de Sigma y tornillo de Arqu\u00edmedes, apta para la mezcla de productos tenaces que requieren un gran esfuerzo de la m\u00e1quina. Esta m\u00e1quina ha sido&#8230;<\/p>\n","protected":false},"author":1,"featured_media":0,"parent":0,"menu_order":0,"comment_status":"closed","ping_status":"closed","template":"","meta":{"footnotes":""},"class_list":["post-24916","page","type-page","status-publish","hentry"],"aioseo_notices":[],"_links":{"self":[{"href":"https:\/\/apinox.it\/es\/wp-json\/wp\/v2\/pages\/24916","targetHints":{"allow":["GET"]}}],"collection":[{"href":"https:\/\/apinox.it\/es\/wp-json\/wp\/v2\/pages"}],"about":[{"href":"https:\/\/apinox.it\/es\/wp-json\/wp\/v2\/types\/page"}],"author":[{"embeddable":true,"href":"https:\/\/apinox.it\/es\/wp-json\/wp\/v2\/users\/1"}],"replies":[{"embeddable":true,"href":"https:\/\/apinox.it\/es\/wp-json\/wp\/v2\/comments?post=24916"}],"version-history":[{"count":0,"href":"https:\/\/apinox.it\/es\/wp-json\/wp\/v2\/pages\/24916\/revisions"}],"wp:attachment":[{"href":"https:\/\/apinox.it\/es\/wp-json\/wp\/v2\/media?parent=24916"}],"curies":[{"name":"wp","href":"https:\/\/api.w.org\/{rel}","templated":true}]}}